{"id":505,"date":"2017-05-23T07:56:53","date_gmt":"2017-05-23T07:56:53","guid":{"rendered":"http:\/\/handmade.omnicom-dev.com\/main-demo\/?page_id=505"},"modified":"2022-12-31T11:48:46","modified_gmt":"2022-12-31T14:48:46","slug":"location","status":"publish","type":"page","link":"https:\/\/nujelm.com\/wp\/?page_id=505","title":{"rendered":"Localiza\u00e7\u00e3o"},"content":{"rendered":"<section id=\"bt_bb_section69e74ed688021\" class=\"bt_bb_section bt_bb_color_scheme_11 bt_bb_layout_boxed_1200 bt_bb_vertical_align_top bt_bb_top_spacing_large bt_bb_bottom_spacing_large\" style=\"; --section-primary-color:#ffffff; --section-secondary-color:#ff4829;\" data-bt-override-class=\"null\"><div class=\"bt_bb_background_image_holder_wrapper\"><div class=\"bt_bb_background_image_holder bt_bb_parallax\"  data-parallax=\"0.7\" data-parallax-offset=\"0\" data-parallax-zoom-start=\"1\" data-parallax-zoom-end=\"1\" data-parallax-blur-start=\"0\" data-parallax-blur-end=\"0\" data-parallax-opacity-start=\"1\" data-parallax-opacity-end=\"1\" style=\" background-image:url(&#039;https:\/\/nujelm.com\/wp\/wp-content\/uploads\/2020\/05\/nujelm-localizacao.jpg&#039;);\"><\/div><\/div><div class=\"bt_bb_port\"><div class=\"bt_bb_cell\"><div class=\"bt_bb_cell_inner\"><div class=\"bt_bb_row_wrapper\"><div  class=\"bt_bb_row\"  data-bt-override-class=\"{}\"><div  class=\"bt_bb_column col-xxl-6 col-xl-6 bt_bb_vertical_align_top bt_bb_align_left bt_bb_padding_normal\"  data-width=\"6\" data-bt-override-class=\"{}\"><div class=\"bt_bb_column_content\"><div class=\"bt_bb_column_content_inner\"><div class=\"bt_bb_separator bt_bb_border_style_none bt_bb_top_spacing_medium\" data-bt-override-class=\"null\"><\/div><header class=\"bt_bb_headline bt_bb_font_weight_bolder bt_bb_dash_none bt_bb_superheadline bt_bb_size_normal bt_bb_align_inherit\" data-bt-override-class=\"{}\"><h1 class=\"bt_bb_headline_tag\"><span class=\"bt_bb_headline_superheadline\">Trabalhamos duro para entregar<\/span><span class=\"bt_bb_headline_content\"><span>A MELHOR CERVEJA<\/span><\/span><\/h1><\/header><div class=\"bt_bb_separator bt_bb_border_style_none bt_bb_bottom_spacing_normal\" data-bt-override-class=\"null\"><\/div><div  class=\"bt_bb_text\" ><p>Localizada na regi\u00e3o metropolitana de Salvador, perto da deslumbrante praia de Ipitanga, a cervejaria oferece aos seus visitantes a oportunidade de desfrutar de um cen\u00e1rio de tirar o f\u00f4lego enquanto degustam cervejas artesanais produzidas com amor e dedica\u00e7\u00e3o. Vinde experimentar as del\u00edcias da praia mais bela de Lauro de Freitas e Salvador, na Bahia, enquanto aprecia as maravilhas da cerveja produzida por n\u00f3s.<\/p>\n<\/div><\/div><\/div><\/div><div  class=\"bt_bb_column col-xxl-6 col-xl-6 bt_bb_vertical_align_top bt_bb_align_left bt_bb_padding_normal\"  data-width=\"6\" data-bt-override-class=\"{}\"><div class=\"bt_bb_column_content\"><div class=\"bt_bb_column_content_inner\"><\/div><\/div><\/div><\/div><\/div><\/div><!-- cell_inner --><\/div><!-- cell --><\/div><!-- port --><\/section><section id=\"bt_bb_section69e74ed688737\" class=\"bt_bb_section bt_bb_layout_wide bt_bb_vertical_align_top\"  data-bt-override-class=\"null\"><div class=\"bt_bb_port\"><div class=\"bt_bb_cell\"><div class=\"bt_bb_cell_inner\"><div class=\"bt_bb_row_wrapper\"><div  class=\"bt_bb_row\"  data-bt-override-class=\"{}\"><div  class=\"bt_bb_column col-xxl-12 col-xl-12 bt_bb_color_scheme_4 bt_bb_vertical_align_top bt_bb_align_left bt_bb_padding_normal\" style=\"; --column-primary-color:#c53e15; --column-secondary-color:#ffffff;\" data-width=\"12\" data-bt-override-class=\"{}\"><div class=\"bt_bb_column_content\"><div class=\"bt_bb_column_content_inner\"><div class=\"bt_bb_google_maps bt_bb_map bt_bb_map_type_interactive bt_bb_google_maps_with_content bt_bb_map_with_content\" data-center=\"no\"><div class=\"bt_bb_google_maps_map bt_bb_map_map\" id=\"map_canvas69e74ed688a29\" data-height=\"0\" data-api-key=\"AIzaSyCfyULtG0iYKf2R-Zi3zQ0WLLkXeqNPgxU\" data-map-type=\"interactive\" data-zoom=\"15\" data-init-finished=\"false\" data-custom-style=\"\"><\/div><span class=\"bt_bb_google_maps_content_toggler bt_bb_map_content_toggler\"><\/span><div class=\"bt_bb_google_maps_content bt_bb_map_content\"><div class=\"bt_bb_google_maps_content_wrapper bt_bb_map_content_wrapper\"><div class=\"bt_bb_google_maps_location bt_bb_map_location\" data-lat=\"-12.903447\" data-lng=\"-38.309638\" data-icon=\"https:\/\/nujelm.com\/wp\/wp-content\/uploads\/2020\/05\/ponto-local-e1588564446803.png\"><div class=\"bt_bb_image bt_bb_shape_square bt_bb_target_self bt_bb_align_inherit bt_bb_hover_style_simple bt_bb_content_display_always\" data-bt-override-class=\"{}\"><span><img loading=\"lazy\" decoding=\"async\" width=\"1200\" height=\"900\" src=\"https:\/\/nujelm.com\/wp\/wp-content\/uploads\/2017\/05\/inner_1.jpg\" class=\"attachment-full size-full\" alt=\"https:\/\/nujelm.com\/wp\/wp-content\/uploads\/2017\/05\/inner_1.jpg\" data-full_image_src=\"https:\/\/nujelm.com\/wp\/wp-content\/uploads\/2017\/05\/inner_1.jpg\" title=\"inner_1\" srcset=\"https:\/\/nujelm.com\/wp\/wp-content\/uploads\/2017\/05\/inner_1.jpg 1200w, https:\/\/nujelm.com\/wp\/wp-content\/uploads\/2017\/05\/inner_1-600x450.jpg 600w, https:\/\/nujelm.com\/wp\/wp-content\/uploads\/2017\/05\/inner_1-640x480.jpg 640w, https:\/\/nujelm.com\/wp\/wp-content\/uploads\/2017\/05\/inner_1-768x576.jpg 768w, https:\/\/nujelm.com\/wp\/wp-content\/uploads\/2017\/05\/inner_1-320x240.jpg 320w\" sizes=\"(max-width: 1200px) 100vw, 1200px\" \/><\/span><\/div><div class=\"bt_bb_separator bt_bb_border_style_none bt_bb_bottom_spacing_normal\" data-bt-override-class=\"null\"><\/div><header class=\"bt_bb_headline bt_bb_font_weight_normal bt_bb_color_scheme_5 bt_bb_dash_none bt_bb_superheadline bt_bb_subheadline bt_bb_size_extrasmall bt_bb_align_inherit\" style=\";font-family:&#039;Roboto Slab&#039;; --primary-color:#191919; --secondary-color:#c53e15;\" data-bt-override-class=\"{}\"><h2 style=\"font-family:'Roboto Slab'\" class=\"bt_bb_headline_tag\"><span class=\"bt_bb_headline_superheadline\">Visite-nos<\/span><span class=\"bt_bb_headline_content\"><span>Ficamos em Lauro de Freitas,<br \/>\r\nBahia, Brasil. Regi\u00e3o metropolitana de Salvador.<\/span><\/span><\/h2><div class=\"bt_bb_headline_subheadline\">localizado a 200 metros da praia de Ipitanga<\/div><\/header><div class=\"bt_bb_separator bt_bb_border_style_none bt_bb_bottom_spacing_small\" data-bt-override-class=\"null\"><\/div><div  class=\"bt_bb_text\" ><p style=\"text-align: left\">Beba uma cerveja conosco!<br \/>\nAgende uma visita!<\/p>\n<\/div><div class=\"bt_bb_separator bt_bb_border_style_solid bt_bb_top_spacing_normal bt_bb_bottom_spacing_normal\" data-bt-override-class=\"null\"><\/div><div class=\"bt_bb_icon bt_bb_color_scheme_3 bt_bb_style_borderless bt_bb_size_small bt_bb_shape_circle bt_bb_target_self bt_bb_align_inherit\" style=\"; --primary-color:#c53e15; --secondary-color:#191919;\" data-bt-override-class=\"{}\"><a href=\"#\"  target=\"_self\"  title=\"Av. Amar\u00edlio Thiago dos Santos, 1787\"  data-ico-fontawesome=\"&#xf279;\" class=\"bt_bb_icon_holder\"><span>Av. Amar\u00edlio Thiago dos Santos, 1787<\/span><\/a><\/div><div class=\"bt_bb_separator bt_bb_border_style_none bt_bb_bottom_spacing_small\" data-bt-override-class=\"null\"><\/div><div class=\"bt_bb_icon bt_bb_color_scheme_3 bt_bb_style_borderless bt_bb_size_small bt_bb_shape_circle bt_bb_target_self bt_bb_align_inherit\" style=\"; --primary-color:#c53e15; --secondary-color:#191919;\" data-bt-override-class=\"{}\"><a href=\"#\"  target=\"_self\"  title=\"9:00 \u00e0s 18:00\"  data-ico-fontawesome=\"&#xf251;\" class=\"bt_bb_icon_holder\"><span>9:00 \u00e0s 18:00<\/span><\/a><\/div><div class=\"bt_bb_separator bt_bb_border_style_none bt_bb_bottom_spacing_small\" data-bt-override-class=\"null\"><\/div><div class=\"bt_bb_icon bt_bb_style_borderless bt_bb_size_small bt_bb_shape_circle bt_bb_target_self bt_bb_align_inherit\" data-bt-override-class=\"{}\"><a href=\"#\"  target=\"_self\"  title=\"+55 71 9 9741-8471\"  data-ico-fontawesome=\"&#xf095;\" class=\"bt_bb_icon_holder\"><span>+55 71 9 9741-8471<\/span><\/a><\/div><div class=\"bt_bb_separator bt_bb_border_style_none bt_bb_bottom_spacing_small\" data-bt-override-class=\"null\"><\/div><div class=\"bt_bb_icon bt_bb_style_borderless bt_bb_size_small bt_bb_shape_circle bt_bb_target_self bt_bb_align_inherit\" data-bt-override-class=\"{}\"><a href=\"mailto:contato@nujelm.com\"  target=\"_self\"  title=\"contato@nujelm.com\"  data-ico-fontawesome=\"&#xf1d8;\" class=\"bt_bb_icon_holder\"><span>contato@nujelm.com<\/span><\/a><\/div><div class=\"bt_bb_separator bt_bb_border_style_none bt_bb_bottom_spacing_normal\" data-bt-override-class=\"null\"><\/div><\/div><\/div><\/div><\/div><\/div><\/div><\/div><\/div><\/div><\/div><!-- cell_inner --><\/div><!-- cell --><\/div><!-- port --><\/section>","protected":false},"excerpt":{"rendered":"","protected":false},"author":1,"featured_media":0,"parent":15,"menu_order":0,"comment_status":"closed","ping_status":"closed","template":"","meta":{"footnotes":""},"class_list":["post-505","page","type-page","status-publish","hentry"],"yoast_head":"<!-- This site is optimized with the Yoast SEO plugin v25.6 - https:\/\/yoast.com\/wordpress\/plugins\/seo\/ -->\n<title>Localiza\u00e7\u00e3o - Cervejaria Nujel&#039;m<\/title>\n<meta name=\"robots\" content=\"index, follow, max-snippet:-1, max-image-preview:large, max-video-preview:-1\" \/>\n<link rel=\"canonical\" href=\"https:\/\/nujelm.com\/wp\/?page_id=505\" \/>\n<meta property=\"og:locale\" content=\"pt_BR\" \/>\n<meta property=\"og:type\" content=\"article\" \/>\n<meta property=\"og:title\" content=\"Localiza\u00e7\u00e3o - Cervejaria Nujel&#039;m\" \/>\n<meta property=\"og:url\" content=\"https:\/\/nujelm.com\/wp\/?page_id=505\" \/>\n<meta property=\"og:site_name\" content=\"Cervejaria Nujel&#039;m\" \/>\n<meta property=\"article:publisher\" content=\"https:\/\/www.facebook.com\/nujel.m\" \/>\n<meta property=\"article:modified_time\" content=\"2022-12-31T14:48:46+00:00\" \/>\n<meta name=\"twitter:card\" content=\"summary_large_image\" \/>\n<meta name=\"twitter:label1\" content=\"Est. tempo de leitura\" \/>\n\t<meta name=\"twitter:data1\" content=\"4 minutos\" \/>\n<script type=\"application\/ld+json\" class=\"yoast-schema-graph\">{\"@context\":\"https:\/\/schema.org\",\"@graph\":[{\"@type\":\"WebPage\",\"@id\":\"https:\/\/nujelm.com\/wp\/?page_id=505\",\"url\":\"https:\/\/nujelm.com\/wp\/?page_id=505\",\"name\":\"Localiza\u00e7\u00e3o - Cervejaria Nujel&#039;m\",\"isPartOf\":{\"@id\":\"https:\/\/nujelm.com\/wp\/#website\"},\"datePublished\":\"2017-05-23T07:56:53+00:00\",\"dateModified\":\"2022-12-31T14:48:46+00:00\",\"breadcrumb\":{\"@id\":\"https:\/\/nujelm.com\/wp\/?page_id=505#breadcrumb\"},\"inLanguage\":\"pt-BR\",\"potentialAction\":[{\"@type\":\"ReadAction\",\"target\":[\"https:\/\/nujelm.com\/wp\/?page_id=505\"]}]},{\"@type\":\"BreadcrumbList\",\"@id\":\"https:\/\/nujelm.com\/wp\/?page_id=505#breadcrumb\",\"itemListElement\":[{\"@type\":\"ListItem\",\"position\":1,\"name\":\"In\u00edcio\",\"item\":\"https:\/\/nujelm.com\/wp\/\"},{\"@type\":\"ListItem\",\"position\":2,\"name\":\"Sobre N\u00f3s\",\"item\":\"https:\/\/nujelm.com\/wp\/?page_id=15\"},{\"@type\":\"ListItem\",\"position\":3,\"name\":\"Localiza\u00e7\u00e3o\"}]},{\"@type\":\"WebSite\",\"@id\":\"https:\/\/nujelm.com\/wp\/#website\",\"url\":\"https:\/\/nujelm.com\/wp\/\",\"name\":\"Cervejaria Nujel&#039;m\",\"description\":\"Independente e de pensamento livre.\",\"publisher\":{\"@id\":\"https:\/\/nujelm.com\/wp\/#organization\"},\"potentialAction\":[{\"@type\":\"SearchAction\",\"target\":{\"@type\":\"EntryPoint\",\"urlTemplate\":\"https:\/\/nujelm.com\/wp\/?s={search_term_string}\"},\"query-input\":{\"@type\":\"PropertyValueSpecification\",\"valueRequired\":true,\"valueName\":\"search_term_string\"}}],\"inLanguage\":\"pt-BR\"},{\"@type\":\"Organization\",\"@id\":\"https:\/\/nujelm.com\/wp\/#organization\",\"name\":\"Cervejaria Nujel'm\",\"url\":\"https:\/\/nujelm.com\/wp\/\",\"logo\":{\"@type\":\"ImageObject\",\"inLanguage\":\"pt-BR\",\"@id\":\"https:\/\/nujelm.com\/wp\/#\/schema\/logo\/image\/\",\"url\":\"https:\/\/nujelm.com\/wp\/wp-content\/uploads\/2020\/06\/logosite.png\",\"contentUrl\":\"https:\/\/nujelm.com\/wp\/wp-content\/uploads\/2020\/06\/logosite.png\",\"width\":300,\"height\":111,\"caption\":\"Cervejaria Nujel'm\"},\"image\":{\"@id\":\"https:\/\/nujelm.com\/wp\/#\/schema\/logo\/image\/\"},\"sameAs\":[\"https:\/\/www.facebook.com\/nujel.m\",\"https:\/\/www.instagram.com\/nujel.m\/\"]}]}<\/script>\n<!-- \/ Yoast SEO plugin. -->","yoast_head_json":{"title":"Localiza\u00e7\u00e3o - Cervejaria Nujel&#039;m","robots":{"index":"index","follow":"follow","max-snippet":"max-snippet:-1","max-image-preview":"max-image-preview:large","max-video-preview":"max-video-preview:-1"},"canonical":"https:\/\/nujelm.com\/wp\/?page_id=505","og_locale":"pt_BR","og_type":"article","og_title":"Localiza\u00e7\u00e3o - Cervejaria Nujel&#039;m","og_url":"https:\/\/nujelm.com\/wp\/?page_id=505","og_site_name":"Cervejaria Nujel&#039;m","article_publisher":"https:\/\/www.facebook.com\/nujel.m","article_modified_time":"2022-12-31T14:48:46+00:00","twitter_card":"summary_large_image","twitter_misc":{"Est. tempo de leitura":"4 minutos"},"schema":{"@context":"https:\/\/schema.org","@graph":[{"@type":"WebPage","@id":"https:\/\/nujelm.com\/wp\/?page_id=505","url":"https:\/\/nujelm.com\/wp\/?page_id=505","name":"Localiza\u00e7\u00e3o - Cervejaria Nujel&#039;m","isPartOf":{"@id":"https:\/\/nujelm.com\/wp\/#website"},"datePublished":"2017-05-23T07:56:53+00:00","dateModified":"2022-12-31T14:48:46+00:00","breadcrumb":{"@id":"https:\/\/nujelm.com\/wp\/?page_id=505#breadcrumb"},"inLanguage":"pt-BR","potentialAction":[{"@type":"ReadAction","target":["https:\/\/nujelm.com\/wp\/?page_id=505"]}]},{"@type":"BreadcrumbList","@id":"https:\/\/nujelm.com\/wp\/?page_id=505#breadcrumb","itemListElement":[{"@type":"ListItem","position":1,"name":"In\u00edcio","item":"https:\/\/nujelm.com\/wp\/"},{"@type":"ListItem","position":2,"name":"Sobre N\u00f3s","item":"https:\/\/nujelm.com\/wp\/?page_id=15"},{"@type":"ListItem","position":3,"name":"Localiza\u00e7\u00e3o"}]},{"@type":"WebSite","@id":"https:\/\/nujelm.com\/wp\/#website","url":"https:\/\/nujelm.com\/wp\/","name":"Cervejaria Nujel&#039;m","description":"Independente e de pensamento livre.","publisher":{"@id":"https:\/\/nujelm.com\/wp\/#organization"},"potentialAction":[{"@type":"SearchAction","target":{"@type":"EntryPoint","urlTemplate":"https:\/\/nujelm.com\/wp\/?s={search_term_string}"},"query-input":{"@type":"PropertyValueSpecification","valueRequired":true,"valueName":"search_term_string"}}],"inLanguage":"pt-BR"},{"@type":"Organization","@id":"https:\/\/nujelm.com\/wp\/#organization","name":"Cervejaria Nujel'm","url":"https:\/\/nujelm.com\/wp\/","logo":{"@type":"ImageObject","inLanguage":"pt-BR","@id":"https:\/\/nujelm.com\/wp\/#\/schema\/logo\/image\/","url":"https:\/\/nujelm.com\/wp\/wp-content\/uploads\/2020\/06\/logosite.png","contentUrl":"https:\/\/nujelm.com\/wp\/wp-content\/uploads\/2020\/06\/logosite.png","width":300,"height":111,"caption":"Cervejaria Nujel'm"},"image":{"@id":"https:\/\/nujelm.com\/wp\/#\/schema\/logo\/image\/"},"sameAs":["https:\/\/www.facebook.com\/nujel.m","https:\/\/www.instagram.com\/nujel.m\/"]}]}},"_links":{"self":[{"href":"https:\/\/nujelm.com\/wp\/index.php?rest_route=\/wp\/v2\/pages\/505"}],"collection":[{"href":"https:\/\/nujelm.com\/wp\/index.php?rest_route=\/wp\/v2\/pages"}],"about":[{"href":"https:\/\/nujelm.com\/wp\/index.php?rest_route=\/wp\/v2\/types\/page"}],"author":[{"embeddable":true,"href":"https:\/\/nujelm.com\/wp\/index.php?rest_route=\/wp\/v2\/users\/1"}],"replies":[{"embeddable":true,"href":"https:\/\/nujelm.com\/wp\/index.php?rest_route=%2Fwp%2Fv2%2Fcomments&post=505"}],"version-history":[{"count":3,"href":"https:\/\/nujelm.com\/wp\/index.php?rest_route=\/wp\/v2\/pages\/505\/revisions"}],"predecessor-version":[{"id":2529,"href":"https:\/\/nujelm.com\/wp\/index.php?rest_route=\/wp\/v2\/pages\/505\/revisions\/2529"}],"up":[{"embeddable":true,"href":"https:\/\/nujelm.com\/wp\/index.php?rest_route=\/wp\/v2\/pages\/15"}],"wp:attachment":[{"href":"https:\/\/nujelm.com\/wp\/index.php?rest_route=%2Fwp%2Fv2%2Fmedia&parent=505"}],"curies":[{"name":"wp","href":"https:\/\/api.w.org\/{rel}","templated":true}]}}