{"id":2331,"date":"2020-06-22T01:55:44","date_gmt":"2020-06-22T04:55:44","guid":{"rendered":"https:\/\/nujelm.com\/wp\/?post_type=product&#038;p=2331"},"modified":"2024-03-07T23:52:58","modified_gmt":"2024-03-08T02:52:58","slug":"polegar-vermelho-red-ipa","status":"publish","type":"product","link":"https:\/\/nujelm.com\/wp\/?product=polegar-vermelho-red-ipa","title":{"rendered":"Polegar Vermelho &#8211; Red IPA"},"content":{"rendered":"<section id=\"bt_bb_section69e4c66e3a872\" class=\"bt_bb_section bt_bb_layout_boxed_1200\"  data-bt-override-class=\"null\"><div class=\"bt_bb_port\"><div class=\"bt_bb_cell\"><div class=\"bt_bb_cell_inner\"><div class=\"bt_bb_row_wrapper\"><div  class=\"bt_bb_row\"  data-bt-override-class=\"{}\"><div  class=\"bt_bb_column col-xxl-12 col-xl-12 bt_bb_vertical_align_top bt_bb_align_left bt_bb_padding_normal\"  data-width=\"12\" data-bt-override-class=\"{}\"><div class=\"bt_bb_column_content\"><div class=\"bt_bb_column_content_inner\"><div  class=\"bt_bb_text\" ><p>A Polegar Vermelho \u00e9 uma Red IPA, com 6,7% de \u00e1lcool. Sua cor avermelhada lembra o fruto proibido ou um ruby. O aroma caracter\u00edstico de l\u00fapulos americanos e do novo mundo rememoram frutas tropicais, p\u00eassego e manga. De maltado bem t\u00eanue e equilibrado, o sabor dos l\u00fapulos seguem a mesma linha c\u00edtrica, contrastando a base de malte que remete a toffee, caramelo. Possui espuma densa e persistente, conferindo a sensa\u00e7\u00e3o de maciez no paladar.<\/p>\n<ul>\n<li><strong>Estilo:<\/strong> Red IPA<\/li>\n<li><strong>Cor:<\/strong> 28 EBC<\/li>\n<li><strong>ABV:<\/strong> 6,7%<\/li>\n<li><strong>Amargor:<\/strong> 49 IBU<\/li>\n<\/ul>\n<\/div><div class=\"bt_bb_separator bt_bb_border_style_none bt_bb_top_spacing_normal bt_bb_bottom_spacing_small\" data-bt-override-class=\"null\"><\/div><\/div><\/div><\/div><\/div><\/div><div class=\"bt_bb_row_wrapper\"><div  class=\"bt_bb_row\"  data-bt-override-class=\"{}\"><div  class=\"bt_bb_column col-xxl-12 col-xl-12 bt_bb_vertical_align_top bt_bb_align_left bt_bb_padding_normal\"  data-width=\"12\" data-bt-override-class=\"{}\"><div class=\"bt_bb_column_content\"><div class=\"bt_bb_column_content_inner\"><div class=\"bt_bb_separator bt_bb_border_style_none bt_bb_top_spacing_normal bt_bb_bottom_spacing_small\" data-bt-override-class=\"null\"><\/div><\/div><\/div><\/div><\/div><\/div><div class=\"bt_bb_row_wrapper\"><div  class=\"bt_bb_row bt_bb_column_gap_5\"  data-bt-override-class=\"{}\"><div  class=\"bt_bb_column col-xxl-3 col-xl-3 bt_bb_vertical_align_top bt_bb_align_center bt_bb_padding_normal\"  data-width=\"3\" data-bt-override-class=\"{}\"><div class=\"bt_bb_column_content\"><div class=\"bt_bb_column_content_inner\"><div class=\"bt_bb_image bt_bb_shape_square bt_bb_target_self bt_bb_align_inherit bt_bb_hover_style_simple bt_bb_content_display_always bt_bb_content_align_middle\" data-bt-override-class=\"{}\"><span><img loading=\"lazy\" decoding=\"async\" width=\"45\" height=\"97\" src=\"https:\/\/nujelm.com\/wp\/wp-content\/uploads\/2017\/05\/copoicon-e1592797815293.png\" class=\"attachment-full size-full\" alt=\"https:\/\/nujelm.com\/wp\/wp-content\/uploads\/2017\/05\/copoicon-e1592797815293.png\" data-full_image_src=\"https:\/\/nujelm.com\/wp\/wp-content\/uploads\/2017\/05\/copoicon-e1592797815293.png\" title=\"copoicon\" \/><\/span><\/div><\/div><\/div><\/div><div  class=\"bt_bb_column col-xxl-9 col-xl-9 bt_bb_vertical_align_top bt_bb_align_left bt_bb_padding_normal\"  data-width=\"9\" data-bt-override-class=\"{}\"><div class=\"bt_bb_column_content\"><div class=\"bt_bb_column_content_inner\"><div  class=\"bt_bb_text\" ><h6>Paladar<\/h6>\n<p>Embora seja uma cerveja mais maltada do que as Americans IPAs, a <strong>Polegar Vermelho Red IPA<\/strong> equilibra seu dul\u00e7or com cargas de l\u00fapulos c\u00edtricos americanos. A sua espuma densa e o seu corpo m\u00e9dio\/alto entregam uma sensa\u00e7\u00e3o de maciez e suavidade.<\/p>\n<\/div><\/div><\/div><\/div><\/div><\/div><div class=\"bt_bb_row_wrapper\"><div  class=\"bt_bb_row\"  data-bt-override-class=\"{}\"><div  class=\"bt_bb_column col-xxl-12 col-xl-12 bt_bb_vertical_align_top bt_bb_align_left bt_bb_padding_normal\"  data-width=\"12\" data-bt-override-class=\"{}\"><div class=\"bt_bb_column_content\"><div class=\"bt_bb_column_content_inner\"><div class=\"bt_bb_separator bt_bb_border_style_none bt_bb_top_spacing_small bt_bb_bottom_spacing_normal\" data-bt-override-class=\"null\"><\/div><\/div><\/div><\/div><\/div><\/div><div class=\"bt_bb_row_wrapper\"><div  class=\"bt_bb_row bt_bb_column_gap_5\"  data-bt-override-class=\"{}\"><div  class=\"bt_bb_column col-xxl-3 col-xl-3 bt_bb_vertical_align_top bt_bb_align_center bt_bb_padding_normal\"  data-width=\"3\" data-bt-override-class=\"{}\"><div class=\"bt_bb_column_content\"><div class=\"bt_bb_column_content_inner\"><div class=\"bt_bb_image bt_bb_shape_square bt_bb_target_self bt_bb_align_inherit bt_bb_hover_style_simple bt_bb_content_display_always bt_bb_content_align_middle\" data-bt-override-class=\"{}\"><span><img loading=\"lazy\" decoding=\"async\" width=\"85\" height=\"97\" src=\"https:\/\/nujelm.com\/wp\/wp-content\/uploads\/2017\/05\/pragarraftoicon-e1592797845893.png\" class=\"attachment-full size-full\" alt=\"https:\/\/nujelm.com\/wp\/wp-content\/uploads\/2017\/05\/pragarraftoicon-e1592797845893.png\" data-full_image_src=\"https:\/\/nujelm.com\/wp\/wp-content\/uploads\/2017\/05\/pragarraftoicon-e1592797845893.png\" title=\"pragarraftoicon\" \/><\/span><\/div><\/div><\/div><\/div><div  class=\"bt_bb_column col-xxl-9 col-xl-9 bt_bb_vertical_align_top bt_bb_align_left bt_bb_padding_normal\"  data-width=\"9\" data-bt-override-class=\"{}\"><div class=\"bt_bb_column_content\"><div class=\"bt_bb_column_content_inner\"><div  class=\"bt_bb_text\" ><h6>Servir com<\/h6>\n<p>Perfeito com alimentos grelhados, a <strong>Polegar Vermelho Red IPA\u00a0<\/strong>combina bastante com cortes especiais de carne bovina. Sugest\u00e3o de harmoniza\u00e7\u00e3o \u00e9 churrasco de contrafil\u00e9 intercostal, conhecido tamb\u00e9m como bananinha.<\/p>\n<p>Vegetarianos podem aproveitar a experiencia de combinar a cerveja com aspargos grelhados.<\/p>\n<\/div><\/div><\/div><\/div><\/div><\/div><div class=\"bt_bb_row_wrapper\"><div  class=\"bt_bb_row\"  data-bt-override-class=\"{}\"><div  class=\"bt_bb_column col-xxl-12 col-xl-12 bt_bb_vertical_align_top bt_bb_align_left bt_bb_padding_normal\"  data-width=\"12\" data-bt-override-class=\"{}\"><div class=\"bt_bb_column_content\"><div class=\"bt_bb_column_content_inner\"><div class=\"bt_bb_separator bt_bb_border_style_none bt_bb_top_spacing_small bt_bb_bottom_spacing_normal\" data-bt-override-class=\"null\"><\/div><\/div><\/div><\/div><\/div><\/div><div class=\"bt_bb_row_wrapper\"><div  class=\"bt_bb_row bt_bb_column_gap_5\"  data-bt-override-class=\"{}\"><div  class=\"bt_bb_column col-xxl-3 col-xl-3 bt_bb_vertical_align_top bt_bb_align_center bt_bb_padding_normal\"  data-width=\"3\" data-bt-override-class=\"{}\"><div class=\"bt_bb_column_content\"><div class=\"bt_bb_column_content_inner\"><div class=\"bt_bb_image bt_bb_shape_square bt_bb_target_self bt_bb_align_inherit bt_bb_hover_style_simple bt_bb_content_display_always bt_bb_content_align_middle\" data-bt-override-class=\"{}\"><span><img loading=\"lazy\" decoding=\"async\" width=\"99\" height=\"92\" src=\"https:\/\/nujelm.com\/wp\/wp-content\/uploads\/2017\/05\/barrilestiloicon.png\" class=\"attachment-full size-full\" alt=\"https:\/\/nujelm.com\/wp\/wp-content\/uploads\/2017\/05\/barrilestiloicon.png\" data-full_image_src=\"https:\/\/nujelm.com\/wp\/wp-content\/uploads\/2017\/05\/barrilestiloicon.png\" title=\"barrilestiloicon\" \/><\/span><\/div><\/div><\/div><\/div><div  class=\"bt_bb_column col-xxl-9 col-xl-9 bt_bb_vertical_align_top bt_bb_align_left bt_bb_padding_normal\"  data-width=\"9\" data-bt-override-class=\"{}\"><div class=\"bt_bb_column_content\"><div class=\"bt_bb_column_content_inner\"><div  class=\"bt_bb_text\" ><h6>Estilo<\/h6>\n<p>Um estilo moderno americano de cerveja artesanal, com base em uma American IPA, mas com os sabores de malte de uma American Amber Ale.<\/p>\n<\/div><\/div><\/div><\/div><\/div><\/div><div class=\"bt_bb_row_wrapper\"><div  class=\"bt_bb_row\"  data-bt-override-class=\"{}\"><div  class=\"bt_bb_column col-xxl-12 col-xl-12 bt_bb_vertical_align_top bt_bb_align_left bt_bb_padding_normal\"  data-width=\"12\" data-bt-override-class=\"{}\"><div class=\"bt_bb_column_content\"><div class=\"bt_bb_column_content_inner\"><div class=\"bt_bb_separator bt_bb_border_style_none bt_bb_top_spacing_small bt_bb_bottom_spacing_normal\" data-bt-override-class=\"null\"><\/div><\/div><\/div><\/div><\/div><\/div><\/div><!-- cell_inner --><\/div><!-- cell --><\/div><!-- port --><\/section>","protected":false},"excerpt":{"rendered":"<p>Estilo: Red IPA<br \/>\nCor: 28 EBC<br \/>\nABV: 6,7%<br \/>\nAmargor: 49 IBU<\/p>\n<p>Volume da Garrafa: 500ml<br \/>\nQuantidade: 1 garrafa<\/p>\n","protected":false},"featured_media":2332,"template":"","meta":[],"product_cat":[46],"product_tag":[53,55,52],"class_list":{"0":"post-2331","1":"product","2":"type-product","3":"status-publish","4":"has-post-thumbnail","6":"product_cat-comemorativa","7":"product_tag-ipa","8":"product_tag-polegar-vermelho","9":"product_tag-red-ipa","11":"first","12":"outofstock","13":"taxable","14":"shipping-taxable","15":"purchasable","16":"product-type-simple"},"yoast_head":"<!-- This site is optimized with the Yoast SEO plugin v25.6 - https:\/\/yoast.com\/wordpress\/plugins\/seo\/ -->\n<title>Polegar Vermelho - Red IPA - Cervejaria Nujel&#039;m<\/title>\n<meta name=\"robots\" content=\"index, follow, max-snippet:-1, max-image-preview:large, max-video-preview:-1\" \/>\n<link rel=\"canonical\" href=\"https:\/\/nujelm.com\/wp\/?product=polegar-vermelho-red-ipa\" \/>\n<meta property=\"og:locale\" content=\"pt_BR\" \/>\n<meta property=\"og:type\" content=\"article\" \/>\n<meta property=\"og:title\" content=\"Polegar Vermelho - Red IPA - Cervejaria Nujel&#039;m\" \/>\n<meta property=\"og:description\" content=\"Estilo: Red IPA Cor: 28 EBC ABV: 6,7% Amargor: 49 IBU  Volume da Garrafa: 500ml Quantidade: 1 garrafa\" \/>\n<meta property=\"og:url\" content=\"https:\/\/nujelm.com\/wp\/?product=polegar-vermelho-red-ipa\" \/>\n<meta property=\"og:site_name\" content=\"Cervejaria Nujel&#039;m\" \/>\n<meta property=\"article:publisher\" content=\"https:\/\/www.facebook.com\/nujel.m\" \/>\n<meta property=\"article:modified_time\" content=\"2024-03-08T02:52:58+00:00\" \/>\n<meta property=\"og:image\" content=\"https:\/\/nujelm.com\/wp\/wp-content\/uploads\/2020\/06\/pack1redipa.png\" \/>\n\t<meta property=\"og:image:width\" content=\"1200\" \/>\n\t<meta property=\"og:image:height\" content=\"1200\" \/>\n\t<meta property=\"og:image:type\" content=\"image\/png\" \/>\n<meta name=\"twitter:card\" content=\"summary_large_image\" \/>\n<meta name=\"twitter:label1\" content=\"Est. tempo de leitura\" \/>\n\t<meta name=\"twitter:data1\" content=\"4 minutos\" \/>\n<script type=\"application\/ld+json\" class=\"yoast-schema-graph\">{\"@context\":\"https:\/\/schema.org\",\"@graph\":[{\"@type\":\"WebPage\",\"@id\":\"https:\/\/nujelm.com\/wp\/?product=polegar-vermelho-red-ipa\",\"url\":\"https:\/\/nujelm.com\/wp\/?product=polegar-vermelho-red-ipa\",\"name\":\"Polegar Vermelho - Red IPA - Cervejaria Nujel&#039;m\",\"isPartOf\":{\"@id\":\"https:\/\/nujelm.com\/wp\/#website\"},\"primaryImageOfPage\":{\"@id\":\"https:\/\/nujelm.com\/wp\/?product=polegar-vermelho-red-ipa#primaryimage\"},\"image\":{\"@id\":\"https:\/\/nujelm.com\/wp\/?product=polegar-vermelho-red-ipa#primaryimage\"},\"thumbnailUrl\":\"https:\/\/nujelm.com\/wp\/wp-content\/uploads\/2020\/06\/pack1redipa.png\",\"datePublished\":\"2020-06-22T04:55:44+00:00\",\"dateModified\":\"2024-03-08T02:52:58+00:00\",\"breadcrumb\":{\"@id\":\"https:\/\/nujelm.com\/wp\/?product=polegar-vermelho-red-ipa#breadcrumb\"},\"inLanguage\":\"pt-BR\",\"potentialAction\":[{\"@type\":\"ReadAction\",\"target\":[\"https:\/\/nujelm.com\/wp\/?product=polegar-vermelho-red-ipa\"]}]},{\"@type\":\"ImageObject\",\"inLanguage\":\"pt-BR\",\"@id\":\"https:\/\/nujelm.com\/wp\/?product=polegar-vermelho-red-ipa#primaryimage\",\"url\":\"https:\/\/nujelm.com\/wp\/wp-content\/uploads\/2020\/06\/pack1redipa.png\",\"contentUrl\":\"https:\/\/nujelm.com\/wp\/wp-content\/uploads\/2020\/06\/pack1redipa.png\",\"width\":1200,\"height\":1200},{\"@type\":\"BreadcrumbList\",\"@id\":\"https:\/\/nujelm.com\/wp\/?product=polegar-vermelho-red-ipa#breadcrumb\",\"itemListElement\":[{\"@type\":\"ListItem\",\"position\":1,\"name\":\"In\u00edcio\",\"item\":\"https:\/\/nujelm.com\/wp\/\"},{\"@type\":\"ListItem\",\"position\":2,\"name\":\"Shop\",\"item\":\"https:\/\/nujelm.com\/wp\/?page_id=1177\"},{\"@type\":\"ListItem\",\"position\":3,\"name\":\"Polegar Vermelho &#8211; Red IPA\"}]},{\"@type\":\"WebSite\",\"@id\":\"https:\/\/nujelm.com\/wp\/#website\",\"url\":\"https:\/\/nujelm.com\/wp\/\",\"name\":\"Cervejaria Nujel&#039;m\",\"description\":\"Independente e de pensamento livre.\",\"publisher\":{\"@id\":\"https:\/\/nujelm.com\/wp\/#organization\"},\"potentialAction\":[{\"@type\":\"SearchAction\",\"target\":{\"@type\":\"EntryPoint\",\"urlTemplate\":\"https:\/\/nujelm.com\/wp\/?s={search_term_string}\"},\"query-input\":{\"@type\":\"PropertyValueSpecification\",\"valueRequired\":true,\"valueName\":\"search_term_string\"}}],\"inLanguage\":\"pt-BR\"},{\"@type\":\"Organization\",\"@id\":\"https:\/\/nujelm.com\/wp\/#organization\",\"name\":\"Cervejaria Nujel'm\",\"url\":\"https:\/\/nujelm.com\/wp\/\",\"logo\":{\"@type\":\"ImageObject\",\"inLanguage\":\"pt-BR\",\"@id\":\"https:\/\/nujelm.com\/wp\/#\/schema\/logo\/image\/\",\"url\":\"https:\/\/nujelm.com\/wp\/wp-content\/uploads\/2020\/06\/logosite.png\",\"contentUrl\":\"https:\/\/nujelm.com\/wp\/wp-content\/uploads\/2020\/06\/logosite.png\",\"width\":300,\"height\":111,\"caption\":\"Cervejaria Nujel'm\"},\"image\":{\"@id\":\"https:\/\/nujelm.com\/wp\/#\/schema\/logo\/image\/\"},\"sameAs\":[\"https:\/\/www.facebook.com\/nujel.m\",\"https:\/\/www.instagram.com\/nujel.m\/\"]}]}<\/script>\n<!-- \/ Yoast SEO plugin. -->","yoast_head_json":{"title":"Polegar Vermelho - Red IPA - Cervejaria Nujel&#039;m","robots":{"index":"index","follow":"follow","max-snippet":"max-snippet:-1","max-image-preview":"max-image-preview:large","max-video-preview":"max-video-preview:-1"},"canonical":"https:\/\/nujelm.com\/wp\/?product=polegar-vermelho-red-ipa","og_locale":"pt_BR","og_type":"article","og_title":"Polegar Vermelho - Red IPA - Cervejaria Nujel&#039;m","og_description":"Estilo: Red IPA Cor: 28 EBC ABV: 6,7% Amargor: 49 IBU  Volume da Garrafa: 500ml Quantidade: 1 garrafa","og_url":"https:\/\/nujelm.com\/wp\/?product=polegar-vermelho-red-ipa","og_site_name":"Cervejaria Nujel&#039;m","article_publisher":"https:\/\/www.facebook.com\/nujel.m","article_modified_time":"2024-03-08T02:52:58+00:00","og_image":[{"width":1200,"height":1200,"url":"https:\/\/nujelm.com\/wp\/wp-content\/uploads\/2020\/06\/pack1redipa.png","type":"image\/png"}],"twitter_card":"summary_large_image","twitter_misc":{"Est. tempo de leitura":"4 minutos"},"schema":{"@context":"https:\/\/schema.org","@graph":[{"@type":"WebPage","@id":"https:\/\/nujelm.com\/wp\/?product=polegar-vermelho-red-ipa","url":"https:\/\/nujelm.com\/wp\/?product=polegar-vermelho-red-ipa","name":"Polegar Vermelho - Red IPA - Cervejaria Nujel&#039;m","isPartOf":{"@id":"https:\/\/nujelm.com\/wp\/#website"},"primaryImageOfPage":{"@id":"https:\/\/nujelm.com\/wp\/?product=polegar-vermelho-red-ipa#primaryimage"},"image":{"@id":"https:\/\/nujelm.com\/wp\/?product=polegar-vermelho-red-ipa#primaryimage"},"thumbnailUrl":"https:\/\/nujelm.com\/wp\/wp-content\/uploads\/2020\/06\/pack1redipa.png","datePublished":"2020-06-22T04:55:44+00:00","dateModified":"2024-03-08T02:52:58+00:00","breadcrumb":{"@id":"https:\/\/nujelm.com\/wp\/?product=polegar-vermelho-red-ipa#breadcrumb"},"inLanguage":"pt-BR","potentialAction":[{"@type":"ReadAction","target":["https:\/\/nujelm.com\/wp\/?product=polegar-vermelho-red-ipa"]}]},{"@type":"ImageObject","inLanguage":"pt-BR","@id":"https:\/\/nujelm.com\/wp\/?product=polegar-vermelho-red-ipa#primaryimage","url":"https:\/\/nujelm.com\/wp\/wp-content\/uploads\/2020\/06\/pack1redipa.png","contentUrl":"https:\/\/nujelm.com\/wp\/wp-content\/uploads\/2020\/06\/pack1redipa.png","width":1200,"height":1200},{"@type":"BreadcrumbList","@id":"https:\/\/nujelm.com\/wp\/?product=polegar-vermelho-red-ipa#breadcrumb","itemListElement":[{"@type":"ListItem","position":1,"name":"In\u00edcio","item":"https:\/\/nujelm.com\/wp\/"},{"@type":"ListItem","position":2,"name":"Shop","item":"https:\/\/nujelm.com\/wp\/?page_id=1177"},{"@type":"ListItem","position":3,"name":"Polegar Vermelho &#8211; Red IPA"}]},{"@type":"WebSite","@id":"https:\/\/nujelm.com\/wp\/#website","url":"https:\/\/nujelm.com\/wp\/","name":"Cervejaria Nujel&#039;m","description":"Independente e de pensamento livre.","publisher":{"@id":"https:\/\/nujelm.com\/wp\/#organization"},"potentialAction":[{"@type":"SearchAction","target":{"@type":"EntryPoint","urlTemplate":"https:\/\/nujelm.com\/wp\/?s={search_term_string}"},"query-input":{"@type":"PropertyValueSpecification","valueRequired":true,"valueName":"search_term_string"}}],"inLanguage":"pt-BR"},{"@type":"Organization","@id":"https:\/\/nujelm.com\/wp\/#organization","name":"Cervejaria Nujel'm","url":"https:\/\/nujelm.com\/wp\/","logo":{"@type":"ImageObject","inLanguage":"pt-BR","@id":"https:\/\/nujelm.com\/wp\/#\/schema\/logo\/image\/","url":"https:\/\/nujelm.com\/wp\/wp-content\/uploads\/2020\/06\/logosite.png","contentUrl":"https:\/\/nujelm.com\/wp\/wp-content\/uploads\/2020\/06\/logosite.png","width":300,"height":111,"caption":"Cervejaria Nujel'm"},"image":{"@id":"https:\/\/nujelm.com\/wp\/#\/schema\/logo\/image\/"},"sameAs":["https:\/\/www.facebook.com\/nujel.m","https:\/\/www.instagram.com\/nujel.m\/"]}]}},"_links":{"self":[{"href":"https:\/\/nujelm.com\/wp\/index.php?rest_route=\/wp\/v2\/product\/2331"}],"collection":[{"href":"https:\/\/nujelm.com\/wp\/index.php?rest_route=\/wp\/v2\/product"}],"about":[{"href":"https:\/\/nujelm.com\/wp\/index.php?rest_route=\/wp\/v2\/types\/product"}],"wp:featuredmedia":[{"embeddable":true,"href":"https:\/\/nujelm.com\/wp\/index.php?rest_route=\/wp\/v2\/media\/2332"}],"wp:attachment":[{"href":"https:\/\/nujelm.com\/wp\/index.php?rest_route=%2Fwp%2Fv2%2Fmedia&parent=2331"}],"wp:term":[{"taxonomy":"product_cat","embeddable":true,"href":"https:\/\/nujelm.com\/wp\/index.php?rest_route=%2Fwp%2Fv2%2Fproduct_cat&post=2331"},{"taxonomy":"product_tag","embeddable":true,"href":"https:\/\/nujelm.com\/wp\/index.php?rest_route=%2Fwp%2Fv2%2Fproduct_tag&post=2331"}],"curies":[{"name":"wp","href":"https:\/\/api.w.org\/{rel}","templated":true}]}}