{"id":2351,"date":"2020-06-23T20:14:05","date_gmt":"2020-06-23T23:14:05","guid":{"rendered":"https:\/\/nujelm.com\/wp\/?post_type=product&#038;p=2351"},"modified":"2024-03-07T23:52:35","modified_gmt":"2024-03-08T02:52:35","slug":"buccaneers-den-american-lager-pack-com-3-unidades","status":"publish","type":"product","link":"https:\/\/nujelm.com\/wp\/?product=buccaneers-den-american-lager-pack-com-3-unidades","title":{"rendered":"Buccaneer&#8217;s Den &#8211; American Lager &#8211; Pack com 3 unidades"},"content":{"rendered":"<section id=\"bt_bb_section69d05bd31a218\" class=\"bt_bb_section bt_bb_layout_boxed_1200\"  data-bt-override-class=\"null\"><div class=\"bt_bb_port\"><div class=\"bt_bb_cell\"><div class=\"bt_bb_cell_inner\"><div class=\"bt_bb_row_wrapper\"><div  class=\"bt_bb_row\"  data-bt-override-class=\"{}\"><div  class=\"bt_bb_column col-xxl-12 col-xl-12 bt_bb_vertical_align_top bt_bb_align_left bt_bb_padding_normal\"  data-width=\"12\" data-bt-override-class=\"{}\"><div class=\"bt_bb_column_content\"><div class=\"bt_bb_column_content_inner\"><div  class=\"bt_bb_text\" ><p>A \u201cBucs\u201d \u00e9 uma American Lager, com 4,3% de \u00e1lcool. Bastante refrescante, leve e suave. Ideal para dias de calor e para o &#8220;churras&#8221; de domingo. Espuma branca, persistente e de boa forma\u00e7\u00e3o. Sua cor est\u00e1 entre o amarelo e o dourado. No sabor, malte e l\u00fapulo em equil\u00edbrio, com suave amargor no retrogosto.<\/p>\n<ul>\n<li><strong>Estilo:<\/strong> American Lager<\/li>\n<li><strong>Cor:<\/strong> 8 EBC<\/li>\n<li><strong>ABV:<\/strong> 4,3%<\/li>\n<li><strong>Amargor:<\/strong> 10 IBU<\/li>\n<\/ul>\n<\/div><div class=\"bt_bb_separator bt_bb_border_style_none bt_bb_top_spacing_normal bt_bb_bottom_spacing_small\" data-bt-override-class=\"null\"><\/div><\/div><\/div><\/div><\/div><\/div><div class=\"bt_bb_row_wrapper\"><div  class=\"bt_bb_row\"  data-bt-override-class=\"{}\"><div  class=\"bt_bb_column col-xxl-12 col-xl-12 bt_bb_vertical_align_top bt_bb_align_left bt_bb_padding_normal\"  data-width=\"12\" data-bt-override-class=\"{}\"><div class=\"bt_bb_column_content\"><div class=\"bt_bb_column_content_inner\"><div class=\"bt_bb_separator bt_bb_border_style_none bt_bb_top_spacing_normal bt_bb_bottom_spacing_small\" data-bt-override-class=\"null\"><\/div><\/div><\/div><\/div><\/div><\/div><div class=\"bt_bb_row_wrapper\"><div  class=\"bt_bb_row bt_bb_column_gap_5\"  data-bt-override-class=\"{}\"><div  class=\"bt_bb_column col-xxl-3 col-xl-3 bt_bb_vertical_align_top bt_bb_align_center bt_bb_padding_normal\"  data-width=\"3\" data-bt-override-class=\"{}\"><div class=\"bt_bb_column_content\"><div class=\"bt_bb_column_content_inner\"><div class=\"bt_bb_image bt_bb_shape_square bt_bb_target_self bt_bb_align_inherit bt_bb_hover_style_simple bt_bb_content_display_always bt_bb_content_align_middle\" data-bt-override-class=\"{}\"><span><img loading=\"lazy\" decoding=\"async\" width=\"45\" height=\"97\" src=\"https:\/\/nujelm.com\/wp\/wp-content\/uploads\/2017\/05\/copoicon-e1592797815293.png\" class=\"attachment-full size-full\" alt=\"https:\/\/nujelm.com\/wp\/wp-content\/uploads\/2017\/05\/copoicon-e1592797815293.png\" data-full_image_src=\"https:\/\/nujelm.com\/wp\/wp-content\/uploads\/2017\/05\/copoicon-e1592797815293.png\" title=\"copoicon\" \/><\/span><\/div><\/div><\/div><\/div><div  class=\"bt_bb_column col-xxl-9 col-xl-9 bt_bb_vertical_align_top bt_bb_align_left bt_bb_padding_normal\"  data-width=\"9\" data-bt-override-class=\"{}\"><div class=\"bt_bb_column_content\"><div class=\"bt_bb_column_content_inner\"><div  class=\"bt_bb_text\" ><h6>Paladar<\/h6>\n<p>Uma cerveja neutra, de sabor suave e de final seco. De amargor moderadamente baixo, o l\u00fapulo confere o equil\u00edbrio com o malte.\u00a0Extremamente refrescante quando servida gelada.<\/p>\n<\/div><\/div><\/div><\/div><\/div><\/div><div class=\"bt_bb_row_wrapper\"><div  class=\"bt_bb_row\"  data-bt-override-class=\"{}\"><div  class=\"bt_bb_column col-xxl-12 col-xl-12 bt_bb_vertical_align_top bt_bb_align_left bt_bb_padding_normal\"  data-width=\"12\" data-bt-override-class=\"{}\"><div class=\"bt_bb_column_content\"><div class=\"bt_bb_column_content_inner\"><div class=\"bt_bb_separator bt_bb_border_style_none bt_bb_top_spacing_small bt_bb_bottom_spacing_normal\" data-bt-override-class=\"null\"><\/div><\/div><\/div><\/div><\/div><\/div><div class=\"bt_bb_row_wrapper\"><div  class=\"bt_bb_row bt_bb_column_gap_5\"  data-bt-override-class=\"{}\"><div  class=\"bt_bb_column col-xxl-3 col-xl-3 bt_bb_vertical_align_top bt_bb_align_center bt_bb_padding_normal\"  data-width=\"3\" data-bt-override-class=\"{}\"><div class=\"bt_bb_column_content\"><div class=\"bt_bb_column_content_inner\"><div class=\"bt_bb_image bt_bb_shape_square bt_bb_target_self bt_bb_align_inherit bt_bb_hover_style_simple bt_bb_content_display_always bt_bb_content_align_middle\" data-bt-override-class=\"{}\"><span><img loading=\"lazy\" decoding=\"async\" width=\"85\" height=\"97\" src=\"https:\/\/nujelm.com\/wp\/wp-content\/uploads\/2017\/05\/pragarraftoicon-e1592797845893.png\" class=\"attachment-full size-full\" alt=\"https:\/\/nujelm.com\/wp\/wp-content\/uploads\/2017\/05\/pragarraftoicon-e1592797845893.png\" data-full_image_src=\"https:\/\/nujelm.com\/wp\/wp-content\/uploads\/2017\/05\/pragarraftoicon-e1592797845893.png\" title=\"pragarraftoicon\" \/><\/span><\/div><\/div><\/div><\/div><div  class=\"bt_bb_column col-xxl-9 col-xl-9 bt_bb_vertical_align_top bt_bb_align_left bt_bb_padding_normal\"  data-width=\"9\" data-bt-override-class=\"{}\"><div class=\"bt_bb_column_content\"><div class=\"bt_bb_column_content_inner\"><div  class=\"bt_bb_text\" ><h6>Servir com<\/h6>\n<p>A <strong>Buccaneer&#8217;s Den<\/strong> harmoniza com comidas de boteco, batata frita, petiscos e frutos do mar.<\/p>\n<\/div><\/div><\/div><\/div><\/div><\/div><div class=\"bt_bb_row_wrapper\"><div  class=\"bt_bb_row\"  data-bt-override-class=\"{}\"><div  class=\"bt_bb_column col-xxl-12 col-xl-12 bt_bb_vertical_align_top bt_bb_align_left bt_bb_padding_normal\"  data-width=\"12\" data-bt-override-class=\"{}\"><div class=\"bt_bb_column_content\"><div class=\"bt_bb_column_content_inner\"><div class=\"bt_bb_separator bt_bb_border_style_none bt_bb_top_spacing_small bt_bb_bottom_spacing_normal\" data-bt-override-class=\"null\"><\/div><\/div><\/div><\/div><\/div><\/div><div class=\"bt_bb_row_wrapper\"><div  class=\"bt_bb_row bt_bb_column_gap_5\"  data-bt-override-class=\"{}\"><div  class=\"bt_bb_column col-xxl-3 col-xl-3 bt_bb_vertical_align_top bt_bb_align_center bt_bb_padding_normal\"  data-width=\"3\" data-bt-override-class=\"{}\"><div class=\"bt_bb_column_content\"><div class=\"bt_bb_column_content_inner\"><div class=\"bt_bb_image bt_bb_shape_square bt_bb_target_self bt_bb_align_inherit bt_bb_hover_style_simple bt_bb_content_display_always bt_bb_content_align_middle\" data-bt-override-class=\"{}\"><span><img loading=\"lazy\" decoding=\"async\" width=\"99\" height=\"92\" src=\"https:\/\/nujelm.com\/wp\/wp-content\/uploads\/2017\/05\/barrilestiloicon.png\" class=\"attachment-full size-full\" alt=\"https:\/\/nujelm.com\/wp\/wp-content\/uploads\/2017\/05\/barrilestiloicon.png\" data-full_image_src=\"https:\/\/nujelm.com\/wp\/wp-content\/uploads\/2017\/05\/barrilestiloicon.png\" title=\"barrilestiloicon\" \/><\/span><\/div><\/div><\/div><\/div><div  class=\"bt_bb_column col-xxl-9 col-xl-9 bt_bb_vertical_align_top bt_bb_align_left bt_bb_padding_normal\"  data-width=\"9\" data-bt-override-class=\"{}\"><div class=\"bt_bb_column_content\"><div class=\"bt_bb_column_content_inner\"><div  class=\"bt_bb_text\" ><h6>Estilo<\/h6>\n<p>Advindas dos imigrantes alem\u00e3es nos Estados Unidos, que produziram lagers inspirados em Pilsner tradicionais desde meados da d\u00e9cada de 1800. O estilo moderno de American Lager foi fortemente influenciado pela proibi\u00e7\u00e3o de bebidas alco\u00f3licas nos EUA e a Segunda Guerra Mundial.<\/p>\n<\/div><\/div><\/div><\/div><\/div><\/div><div class=\"bt_bb_row_wrapper\"><div  class=\"bt_bb_row\"  data-bt-override-class=\"{}\"><div  class=\"bt_bb_column col-xxl-12 col-xl-12 bt_bb_vertical_align_top bt_bb_align_left bt_bb_padding_normal\"  data-width=\"12\" data-bt-override-class=\"{}\"><div class=\"bt_bb_column_content\"><div class=\"bt_bb_column_content_inner\"><div class=\"bt_bb_separator bt_bb_border_style_none bt_bb_top_spacing_small bt_bb_bottom_spacing_normal\" data-bt-override-class=\"null\"><\/div><\/div><\/div><\/div><\/div><\/div><\/div><!-- cell_inner --><\/div><!-- cell --><\/div><!-- port --><\/section>","protected":false},"excerpt":{"rendered":"<p>Estilo: American Lager<br \/>\nCor: 8 EBC<br \/>\nABV: 4,3%<br \/>\nAmargor: 10 IBU<\/p>\n<p>Volume da Garrafa: 500ml<br \/>\nQuantidade: 3 garrafa<\/p>\n","protected":false},"featured_media":2353,"template":"","meta":[],"product_cat":[43,42],"product_tag":[51,48],"class_list":{"0":"post-2351","1":"product","2":"type-product","3":"status-publish","4":"has-post-thumbnail","6":"product_cat-lager","7":"product_cat-pirate","8":"product_tag-buccaneers-den","9":"product_tag-lager","11":"first","12":"outofstock","13":"sale","14":"featured","15":"taxable","16":"shipping-taxable","17":"purchasable","18":"product-type-simple"},"yoast_head":"<!-- This site is optimized with the Yoast SEO plugin v25.6 - https:\/\/yoast.com\/wordpress\/plugins\/seo\/ -->\n<title>Buccaneer&#039;s Den - American Lager - Pack com 3 unidades - Cervejaria Nujel&#039;m<\/title>\n<meta name=\"robots\" content=\"index, follow, max-snippet:-1, max-image-preview:large, max-video-preview:-1\" \/>\n<link rel=\"canonical\" href=\"https:\/\/nujelm.com\/wp\/?product=buccaneers-den-american-lager-pack-com-3-unidades\" \/>\n<meta property=\"og:locale\" content=\"pt_BR\" \/>\n<meta property=\"og:type\" content=\"article\" \/>\n<meta property=\"og:title\" content=\"Buccaneer&#039;s Den - American Lager - Pack com 3 unidades - Cervejaria Nujel&#039;m\" \/>\n<meta property=\"og:description\" content=\"Estilo: American Lager Cor: 8 EBC ABV: 4,3% Amargor: 10 IBU  Volume da Garrafa: 500ml Quantidade: 3 garrafa\" \/>\n<meta property=\"og:url\" content=\"https:\/\/nujelm.com\/wp\/?product=buccaneers-den-american-lager-pack-com-3-unidades\" \/>\n<meta property=\"og:site_name\" content=\"Cervejaria Nujel&#039;m\" \/>\n<meta property=\"article:publisher\" content=\"https:\/\/www.facebook.com\/nujel.m\" \/>\n<meta property=\"article:modified_time\" content=\"2024-03-08T02:52:35+00:00\" \/>\n<meta property=\"og:image\" content=\"https:\/\/nujelm.com\/wp\/wp-content\/uploads\/2020\/06\/pack3alager.png\" \/>\n\t<meta property=\"og:image:width\" content=\"1200\" \/>\n\t<meta property=\"og:image:height\" content=\"1200\" \/>\n\t<meta property=\"og:image:type\" content=\"image\/png\" \/>\n<meta name=\"twitter:card\" content=\"summary_large_image\" \/>\n<meta name=\"twitter:label1\" content=\"Est. tempo de leitura\" \/>\n\t<meta name=\"twitter:data1\" content=\"4 minutos\" \/>\n<script type=\"application\/ld+json\" class=\"yoast-schema-graph\">{\"@context\":\"https:\/\/schema.org\",\"@graph\":[{\"@type\":\"WebPage\",\"@id\":\"https:\/\/nujelm.com\/wp\/?product=buccaneers-den-american-lager-pack-com-3-unidades\",\"url\":\"https:\/\/nujelm.com\/wp\/?product=buccaneers-den-american-lager-pack-com-3-unidades\",\"name\":\"Buccaneer's Den - American Lager - Pack com 3 unidades - Cervejaria Nujel&#039;m\",\"isPartOf\":{\"@id\":\"https:\/\/nujelm.com\/wp\/#website\"},\"primaryImageOfPage\":{\"@id\":\"https:\/\/nujelm.com\/wp\/?product=buccaneers-den-american-lager-pack-com-3-unidades#primaryimage\"},\"image\":{\"@id\":\"https:\/\/nujelm.com\/wp\/?product=buccaneers-den-american-lager-pack-com-3-unidades#primaryimage\"},\"thumbnailUrl\":\"https:\/\/nujelm.com\/wp\/wp-content\/uploads\/2020\/06\/pack3alager.png\",\"datePublished\":\"2020-06-23T23:14:05+00:00\",\"dateModified\":\"2024-03-08T02:52:35+00:00\",\"breadcrumb\":{\"@id\":\"https:\/\/nujelm.com\/wp\/?product=buccaneers-den-american-lager-pack-com-3-unidades#breadcrumb\"},\"inLanguage\":\"pt-BR\",\"potentialAction\":[{\"@type\":\"ReadAction\",\"target\":[\"https:\/\/nujelm.com\/wp\/?product=buccaneers-den-american-lager-pack-com-3-unidades\"]}]},{\"@type\":\"ImageObject\",\"inLanguage\":\"pt-BR\",\"@id\":\"https:\/\/nujelm.com\/wp\/?product=buccaneers-den-american-lager-pack-com-3-unidades#primaryimage\",\"url\":\"https:\/\/nujelm.com\/wp\/wp-content\/uploads\/2020\/06\/pack3alager.png\",\"contentUrl\":\"https:\/\/nujelm.com\/wp\/wp-content\/uploads\/2020\/06\/pack3alager.png\",\"width\":1200,\"height\":1200},{\"@type\":\"BreadcrumbList\",\"@id\":\"https:\/\/nujelm.com\/wp\/?product=buccaneers-den-american-lager-pack-com-3-unidades#breadcrumb\",\"itemListElement\":[{\"@type\":\"ListItem\",\"position\":1,\"name\":\"In\u00edcio\",\"item\":\"https:\/\/nujelm.com\/wp\/\"},{\"@type\":\"ListItem\",\"position\":2,\"name\":\"Shop\",\"item\":\"https:\/\/nujelm.com\/wp\/?page_id=1177\"},{\"@type\":\"ListItem\",\"position\":3,\"name\":\"Buccaneer&#8217;s Den &#8211; American Lager &#8211; Pack com 3 unidades\"}]},{\"@type\":\"WebSite\",\"@id\":\"https:\/\/nujelm.com\/wp\/#website\",\"url\":\"https:\/\/nujelm.com\/wp\/\",\"name\":\"Cervejaria Nujel&#039;m\",\"description\":\"Independente e de pensamento livre.\",\"publisher\":{\"@id\":\"https:\/\/nujelm.com\/wp\/#organization\"},\"potentialAction\":[{\"@type\":\"SearchAction\",\"target\":{\"@type\":\"EntryPoint\",\"urlTemplate\":\"https:\/\/nujelm.com\/wp\/?s={search_term_string}\"},\"query-input\":{\"@type\":\"PropertyValueSpecification\",\"valueRequired\":true,\"valueName\":\"search_term_string\"}}],\"inLanguage\":\"pt-BR\"},{\"@type\":\"Organization\",\"@id\":\"https:\/\/nujelm.com\/wp\/#organization\",\"name\":\"Cervejaria Nujel'm\",\"url\":\"https:\/\/nujelm.com\/wp\/\",\"logo\":{\"@type\":\"ImageObject\",\"inLanguage\":\"pt-BR\",\"@id\":\"https:\/\/nujelm.com\/wp\/#\/schema\/logo\/image\/\",\"url\":\"https:\/\/nujelm.com\/wp\/wp-content\/uploads\/2020\/06\/logosite.png\",\"contentUrl\":\"https:\/\/nujelm.com\/wp\/wp-content\/uploads\/2020\/06\/logosite.png\",\"width\":300,\"height\":111,\"caption\":\"Cervejaria Nujel'm\"},\"image\":{\"@id\":\"https:\/\/nujelm.com\/wp\/#\/schema\/logo\/image\/\"},\"sameAs\":[\"https:\/\/www.facebook.com\/nujel.m\",\"https:\/\/www.instagram.com\/nujel.m\/\"]}]}<\/script>\n<!-- \/ Yoast SEO plugin. -->","yoast_head_json":{"title":"Buccaneer's Den - American Lager - Pack com 3 unidades - Cervejaria Nujel&#039;m","robots":{"index":"index","follow":"follow","max-snippet":"max-snippet:-1","max-image-preview":"max-image-preview:large","max-video-preview":"max-video-preview:-1"},"canonical":"https:\/\/nujelm.com\/wp\/?product=buccaneers-den-american-lager-pack-com-3-unidades","og_locale":"pt_BR","og_type":"article","og_title":"Buccaneer's Den - American Lager - Pack com 3 unidades - Cervejaria Nujel&#039;m","og_description":"Estilo: American Lager Cor: 8 EBC ABV: 4,3% Amargor: 10 IBU  Volume da Garrafa: 500ml Quantidade: 3 garrafa","og_url":"https:\/\/nujelm.com\/wp\/?product=buccaneers-den-american-lager-pack-com-3-unidades","og_site_name":"Cervejaria Nujel&#039;m","article_publisher":"https:\/\/www.facebook.com\/nujel.m","article_modified_time":"2024-03-08T02:52:35+00:00","og_image":[{"width":1200,"height":1200,"url":"https:\/\/nujelm.com\/wp\/wp-content\/uploads\/2020\/06\/pack3alager.png","type":"image\/png"}],"twitter_card":"summary_large_image","twitter_misc":{"Est. tempo de leitura":"4 minutos"},"schema":{"@context":"https:\/\/schema.org","@graph":[{"@type":"WebPage","@id":"https:\/\/nujelm.com\/wp\/?product=buccaneers-den-american-lager-pack-com-3-unidades","url":"https:\/\/nujelm.com\/wp\/?product=buccaneers-den-american-lager-pack-com-3-unidades","name":"Buccaneer's Den - American Lager - Pack com 3 unidades - Cervejaria Nujel&#039;m","isPartOf":{"@id":"https:\/\/nujelm.com\/wp\/#website"},"primaryImageOfPage":{"@id":"https:\/\/nujelm.com\/wp\/?product=buccaneers-den-american-lager-pack-com-3-unidades#primaryimage"},"image":{"@id":"https:\/\/nujelm.com\/wp\/?product=buccaneers-den-american-lager-pack-com-3-unidades#primaryimage"},"thumbnailUrl":"https:\/\/nujelm.com\/wp\/wp-content\/uploads\/2020\/06\/pack3alager.png","datePublished":"2020-06-23T23:14:05+00:00","dateModified":"2024-03-08T02:52:35+00:00","breadcrumb":{"@id":"https:\/\/nujelm.com\/wp\/?product=buccaneers-den-american-lager-pack-com-3-unidades#breadcrumb"},"inLanguage":"pt-BR","potentialAction":[{"@type":"ReadAction","target":["https:\/\/nujelm.com\/wp\/?product=buccaneers-den-american-lager-pack-com-3-unidades"]}]},{"@type":"ImageObject","inLanguage":"pt-BR","@id":"https:\/\/nujelm.com\/wp\/?product=buccaneers-den-american-lager-pack-com-3-unidades#primaryimage","url":"https:\/\/nujelm.com\/wp\/wp-content\/uploads\/2020\/06\/pack3alager.png","contentUrl":"https:\/\/nujelm.com\/wp\/wp-content\/uploads\/2020\/06\/pack3alager.png","width":1200,"height":1200},{"@type":"BreadcrumbList","@id":"https:\/\/nujelm.com\/wp\/?product=buccaneers-den-american-lager-pack-com-3-unidades#breadcrumb","itemListElement":[{"@type":"ListItem","position":1,"name":"In\u00edcio","item":"https:\/\/nujelm.com\/wp\/"},{"@type":"ListItem","position":2,"name":"Shop","item":"https:\/\/nujelm.com\/wp\/?page_id=1177"},{"@type":"ListItem","position":3,"name":"Buccaneer&#8217;s Den &#8211; American Lager &#8211; Pack com 3 unidades"}]},{"@type":"WebSite","@id":"https:\/\/nujelm.com\/wp\/#website","url":"https:\/\/nujelm.com\/wp\/","name":"Cervejaria Nujel&#039;m","description":"Independente e de pensamento livre.","publisher":{"@id":"https:\/\/nujelm.com\/wp\/#organization"},"potentialAction":[{"@type":"SearchAction","target":{"@type":"EntryPoint","urlTemplate":"https:\/\/nujelm.com\/wp\/?s={search_term_string}"},"query-input":{"@type":"PropertyValueSpecification","valueRequired":true,"valueName":"search_term_string"}}],"inLanguage":"pt-BR"},{"@type":"Organization","@id":"https:\/\/nujelm.com\/wp\/#organization","name":"Cervejaria Nujel'm","url":"https:\/\/nujelm.com\/wp\/","logo":{"@type":"ImageObject","inLanguage":"pt-BR","@id":"https:\/\/nujelm.com\/wp\/#\/schema\/logo\/image\/","url":"https:\/\/nujelm.com\/wp\/wp-content\/uploads\/2020\/06\/logosite.png","contentUrl":"https:\/\/nujelm.com\/wp\/wp-content\/uploads\/2020\/06\/logosite.png","width":300,"height":111,"caption":"Cervejaria Nujel'm"},"image":{"@id":"https:\/\/nujelm.com\/wp\/#\/schema\/logo\/image\/"},"sameAs":["https:\/\/www.facebook.com\/nujel.m","https:\/\/www.instagram.com\/nujel.m\/"]}]}},"_links":{"self":[{"href":"https:\/\/nujelm.com\/wp\/index.php?rest_route=\/wp\/v2\/product\/2351"}],"collection":[{"href":"https:\/\/nujelm.com\/wp\/index.php?rest_route=\/wp\/v2\/product"}],"about":[{"href":"https:\/\/nujelm.com\/wp\/index.php?rest_route=\/wp\/v2\/types\/product"}],"wp:featuredmedia":[{"embeddable":true,"href":"https:\/\/nujelm.com\/wp\/index.php?rest_route=\/wp\/v2\/media\/2353"}],"wp:attachment":[{"href":"https:\/\/nujelm.com\/wp\/index.php?rest_route=%2Fwp%2Fv2%2Fmedia&parent=2351"}],"wp:term":[{"taxonomy":"product_cat","embeddable":true,"href":"https:\/\/nujelm.com\/wp\/index.php?rest_route=%2Fwp%2Fv2%2Fproduct_cat&post=2351"},{"taxonomy":"product_tag","embeddable":true,"href":"https:\/\/nujelm.com\/wp\/index.php?rest_route=%2Fwp%2Fv2%2Fproduct_tag&post=2351"}],"curies":[{"name":"wp","href":"https:\/\/api.w.org\/{rel}","templated":true}]}}